{"id":127,"date":"2023-05-22T13:58:07","date_gmt":"2023-05-22T13:58:07","guid":{"rendered":"https:\/\/clinicaveterinariahuellas.es\/conocenos\/"},"modified":"2023-11-03T21:16:30","modified_gmt":"2023-11-03T21:16:30","slug":"conocenos","status":"publish","type":"page","link":"https:\/\/clinicaveterinariahuellas.es\/en\/conocenos\/","title":{"rendered":"Con\u00f3cenos"},"content":{"rendered":"<p>[et_pb_section fb_built=\u00bb1&#8243; custom_padding_last_edited=\u00bbon|phone\u00bb _builder_version=\u00bb4.22.1&#8243; _module_preset=\u00bbdefault\u00bb background_color=\u00bb#C5310D\u00bb background_image=\u00bbhttps:\/\/clinicaveterinariahuellas.es\/wp-content\/uploads\/2023\/10\/FB_IMG_1482130744885-1.webp\u00bb background_position=\u00bbbottom_center\u00bb background_vertical_offset=\u00bb85%\u00bb custom_padding=\u00bb100px||100px||true|false\u00bb custom_padding_tablet=\u00bb100px||100px||true|false\u00bb custom_padding_phone=\u00bb70px||70px||true|false\u00bb global_colors_info=\u00bb{%22gcid-8323165f-da91-4be0-b31b-381a5027f40d%22:%91%22background_color%22,%22background_color_gradient_stops%22%93}\u00bb][et_pb_row _builder_version=\u00bb4.21.0&#8243; _module_preset=\u00bbdefault\u00bb global_colors_info=\u00bb{}\u00bb][et_pb_column type=\u00bb4_4&#8243; _builder_version=\u00bb4.21.0&#8243; _module_preset=\u00bbdefault\u00bb global_colors_info=\u00bb{}\u00bb][et_pb_text _builder_version=\u00bb4.22.1&#8243; _module_preset=\u00bbdefault\u00bb header_text_color=\u00bb#FFFFFF\u00bb header_font_size=\u00bb66px\u00bb custom_margin=\u00bb||1px||false|false\u00bb custom_margin_tablet=\u00bb||0px||false|false\u00bb custom_margin_phone=\u00bb||0px||false|false\u00bb custom_margin_last_edited=\u00bbon|tablet\u00bb header_font_size_tablet=\u00bb52px\u00bb header_font_size_phone=\u00bb40px\u00bb global_colors_info=\u00bb{}\u00bb]<span style=\"color: #ffffff;\">Cl\u00ednica Veterinaria en El Puerto de Santa Mar\u00eda<\/span><\/p>\n<p><span style=\"color: #ffffff;\"><\/span><\/p>\n<h1><span style=\"color: #ffffff; \">Conocenos<\/span>[\/et_pb_text][\/et_pb_column][\/et_pb_row][\/et_pb_section][et_pb_section fb_built=\u00bb1&#8243; _builder_version=\u00bb4.21.0&#8243; _module_preset=\u00bbdefault\u00bb global_colors_info=\u00bb{}\u00bb][et_pb_row column_structure=\u00bb1_2,1_2&#8243; gutter_width=\u00bb1&#8243; custom_padding_last_edited=\u00bbon|tablet\u00bb module_class=\u00bbreverse \u00bb _builder_version=\u00bb4.21.0&#8243; _module_preset=\u00bbdefault\u00bb background_color=\u00bb#F1F4F6&#8243; custom_padding=\u00bb0px||0px||true|false\u00bb custom_padding_tablet=\u00bb50px||50px||true|false\u00bb custom_padding_phone=\u00bb50px||50px||true|false\u00bb locked=\u00bboff\u00bb global_colors_info=\u00bb{}\u00bb][et_pb_column type=\u00bb1_2&#8243; _builder_version=\u00bb4.21.0&#8243; _module_preset=\u00bbdefault\u00bb custom_css_main_element=\u00bbmargin: auto;\u00bb global_colors_info=\u00bb{}\u00bb][et_pb_text _builder_version=\u00bb4.22.1&#8243; _module_preset=\u00bbdefault\u00bb header_2_text_align=\u00bbleft\u00bb header_2_line_height=\u00bb1.2em\u00bb max_width=\u00bb720px\u00bb module_alignment=\u00bbcenter\u00bb custom_padding=\u00bb|40px||40px|false|false\u00bb custom_padding_tablet=\u00bb|40px||40px|false|false\u00bb custom_padding_phone=\u00bb|20px||20px|false|true\u00bb custom_padding_last_edited=\u00bbon|phone\u00bb border_radii=\u00bbon|10px|10px|10px|10px\u00bb locked=\u00bboff\u00bb global_colors_info=\u00bb{%22gcid-1ace7f53-403b-4f2e-bba5-1f5759a9be8a%22:%91%22link_text_color%22,%22link_text_color%22,%22link_text_color%22%93,%22gcid-f53dd1ea-b6d1-44ff-a5ec-c6187927b908%22:%91%22header_3_text_color%22,%22header_3_text_color%22,%22header_3_text_color%22,%22header_3_text_color%22,%22header_3_text_color%22%93}\u00bb]<\/p>\n<h2 style=\"text-align: center;\">El equipo humano de Huellas<\/h2>\n<p style=\"text-align: center;\">En <strong>Cl\u00ednica Veterinaria Huellas<\/strong>, la dedicaci\u00f3n y la profesionalidad son nuestros pilares.<\/p>\n<p style=\"text-align: center;\">Nuestro equipo humano siente verdadera<strong> pasi\u00f3n por el cuidado de los animales<\/strong> y se esfuerza cada d\u00eda para proporcionar un servicio de la mejor calidad.<\/p>\n<p style=\"text-align: center;\">Valoramos la honestidad en cada interacci\u00f3n con nuestros clientes, manteniendo <strong>una comunicaci\u00f3n abierta y transparente.<\/strong> Nos implicamos profundamente en cada caso, entendiendo que <strong>cada mascota es \u00fanica y merece una atenci\u00f3n personalizada.<\/strong><\/p>\n<p style=\"text-align: center;\">No solo cuidamos a tu mascota, sino que tambi\u00e9n <strong>nos preocupamos por tu tranquilidad y satisfacci\u00f3n.<\/strong><\/p>\n<p style=\"text-align: center;\">Estamos aqu\u00ed para ti y para tu querido compa\u00f1ero peludo, \u00a1no dudes en visitarnos!<\/p>\n<p>[\/et_pb_text][\/et_pb_column][et_pb_column type=\u00bb1_2&#8243; _builder_version=\u00bb4.21.0&#8243; _module_preset=\u00bbdefault\u00bb global_colors_info=\u00bb{}\u00bb][et_pb_divider show_divider=\u00bboff\u00bb _builder_version=\u00bb4.22.1&#8243; _module_preset=\u00bbdefault\u00bb background_image=\u00bbhttps:\/\/clinicaveterinariahuellas.es\/wp-content\/uploads\/2023\/10\/2023-02-01.webp\u00bb custom_margin_tablet=\u00bb||40px||false|false\u00bb custom_margin_phone=\u00bb||40px||false|false\u00bb custom_margin_last_edited=\u00bbon|tablet\u00bb custom_padding=\u00bb304px||304px||true|false\u00bb custom_padding_tablet=\u00bb210px||210px||true|false\u00bb custom_padding_phone=\u00bb160px||160px||true|false\u00bb custom_padding_last_edited=\u00bbon|phone\u00bb global_colors_info=\u00bb{}\u00bb][\/et_pb_divider][\/et_pb_column][\/et_pb_row][\/et_pb_section][et_pb_section fb_built=\u00bb1&#8243; disabled_on=\u00bboff|off|off\u00bb _builder_version=\u00bb4.21.0&#8243; _module_preset=\u00bbdefault\u00bb global_colors_info=\u00bb{}\u00bb][et_pb_row _builder_version=\u00bb4.21.0&#8243; _module_preset=\u00bbdefault\u00bb locked=\u00bboff\u00bb global_colors_info=\u00bb{}\u00bb][et_pb_column type=\u00bb4_4&#8243; _builder_version=\u00bb4.21.0&#8243; _module_preset=\u00bbdefault\u00bb global_colors_info=\u00bb{}\u00bb][et_pb_text _builder_version=\u00bb4.21.0&#8243; _module_preset=\u00bbdefault\u00bb text_orientation=\u00bbcenter\u00bb max_width=\u00bb720px\u00bb module_alignment=\u00bbcenter\u00bb border_radii=\u00bbon|10px|10px|10px|10px\u00bb locked=\u00bboff\u00bb global_colors_info=\u00bb{%22gcid-1ace7f53-403b-4f2e-bba5-1f5759a9be8a%22:%91%22link_text_color%22,%22link_text_color%22,%22link_text_color%22%93,%22gcid-f53dd1ea-b6d1-44ff-a5ec-c6187927b908%22:%91%22header_3_text_color%22,%22header_3_text_color%22,%22header_3_text_color%22,%22header_3_text_color%22,%22header_3_text_color%22%93}\u00bb]<\/p>\n<h2>Conoce nuestros profesionales<\/h2>\n<p>&nbsp;<\/p>\n<p>[\/et_pb_text][\/et_pb_column][\/et_pb_row][et_pb_row column_structure=\u00bb1_3,1_3,1_3&#8243; _builder_version=\u00bb4.21.0&#8243; _module_preset=\u00bbdefault\u00bb global_colors_info=\u00bb{}\u00bb][et_pb_column type=\u00bb1_3&#8243; _builder_version=\u00bb4.21.0&#8243; _module_preset=\u00bbdefault\u00bb global_colors_info=\u00bb{}\u00bb][et_pb_team_member name=\u00bbName Goes Here\u00bb position=\u00bbPosition\u00bb image_url=\u00bbhttps:\/\/clinicaveterinariahuellas.es\/wp-content\/uploads\/2023\/11\/imagen_2023-11-03_221439515.png\u00bb _builder_version=\u00bb4.22.1&#8243; _module_preset=\u00bbdefault\u00bb header_font=\u00bbLeague Spartan|700|||||||\u00bb header_text_align=\u00bbcenter\u00bb header_text_color=\u00bbgcid-e7308a3f-c783-4d8c-91ee-2ad13d56ec45&#8243; header_font_size=\u00bb24px\u00bb header_line_height=\u00bb1.3em\u00bb body_font=\u00bbKarla||||||||\u00bb body_text_align=\u00bbcenter\u00bb body_text_color=\u00bb#160712&#8243; body_font_size=\u00bb16px\u00bb body_line_height=\u00bb1.8em\u00bb position_font=\u00bbKarla||||||||\u00bb position_text_align=\u00bbcenter\u00bb position_text_color=\u00bbgcid-e96f76f2-8dc5-4abd-b04b-2358d1f1a2e4&#8243; position_font_size=\u00bb17px\u00bb custom_padding=\u00bb20px|20px|20px|20px|true|true\u00bb hover_transition_duration=\u00bb500ms\u00bb hover_transition_speed_curve=\u00bbease-in-out\u00bb hover_enabled=\u00bb0&#8243; custom_css_member_description=\u00bbpadding-top: 10px;\u00bb custom_css_member_position=\u00bbmargin-bottom: 10px;\u00bb border_radii=\u00bbon|10px|10px|10px|10px\u00bb border_width_all=\u00bb5px\u00bb border_color_all=\u00bb#FFFFFF\u00bb border_radii_image=\u00bbon|10px|10px|10px|10px\u00bb box_shadow_style=\u00bbpreset1&#8243; box_shadow_color=\u00bbrgba(110,130,208,0.2)\u00bb global_colors_info=\u00bb{%22gcid-e7308a3f-c783-4d8c-91ee-2ad13d56ec45%22:%91%22header_text_color%22,%22header_text_color%22%93,%22gcid-e96f76f2-8dc5-4abd-b04b-2358d1f1a2e4%22:%91%22position_text_color%22,%22position_text_color%22%93}\u00bb border_color_all__hover_enabled=\u00bbon|desktop\u00bb border_color_all__hover=\u00bb#C5310D\u00bb transform_styles__hover_enabled=\u00bbon|desktop\u00bb transform_scale__hover_enabled=\u00bbon|desktop\u00bb transform_translate__hover=\u00bb0px|-15px\u00bb transform_translate__hover_enabled=\u00bbon|desktop\u00bb transform_rotate__hover_enabled=\u00bbon|desktop\u00bb transform_skew__hover_enabled=\u00bbon|desktop\u00bb transform_origin__hover_enabled=\u00bbon|desktop\u00bb title_text=\u00bbimagen_2023-11-03_221439515&#8243; sticky_enabled=\u00bb0&#8243;][\/et_pb_team_member][\/et_pb_column][et_pb_column type=\u00bb1_3&#8243; _builder_version=\u00bb4.21.0&#8243; _module_preset=\u00bbdefault\u00bb global_colors_info=\u00bb{}\u00bb][et_pb_team_member name=\u00bbName Goes Here\u00bb position=\u00bbPosition\u00bb image_url=\u00bbhttps:\/\/clinicaveterinariahuellas.es\/wp-content\/uploads\/2023\/11\/imagen_2023-11-03_221439515.png\u00bb _builder_version=\u00bb4.22.1&#8243; _module_preset=\u00bbdefault\u00bb header_font=\u00bbLeague Spartan|700|||||||\u00bb header_text_align=\u00bbcenter\u00bb header_text_color=\u00bbgcid-e7308a3f-c783-4d8c-91ee-2ad13d56ec45&#8243; header_font_size=\u00bb24px\u00bb header_line_height=\u00bb1.3em\u00bb body_font=\u00bbKarla||||||||\u00bb body_text_align=\u00bbcenter\u00bb body_text_color=\u00bb#160712&#8243; body_font_size=\u00bb16px\u00bb body_line_height=\u00bb1.8em\u00bb position_font=\u00bbKarla||||||||\u00bb position_text_align=\u00bbcenter\u00bb position_text_color=\u00bbgcid-e96f76f2-8dc5-4abd-b04b-2358d1f1a2e4&#8243; position_font_size=\u00bb17px\u00bb transform_scale_last_edited=\u00bboff|desktop\u00bb transform_translate_last_edited=\u00bboff|desktop\u00bb transform_translate_linked__hover=\u00bboff\u00bb transform_rotate_last_edited=\u00bboff|desktop\u00bb transform_skew_last_edited=\u00bboff|desktop\u00bb transform_origin_last_edited=\u00bboff|desktop\u00bb transform_styles_last_edited=\u00bboff|desktop\u00bb custom_padding=\u00bb20px|20px|20px|20px|true|true\u00bb hover_transition_duration=\u00bb500ms\u00bb hover_transition_speed_curve=\u00bbease-in-out\u00bb hover_enabled=\u00bb0&#8243; custom_css_member_description=\u00bbpadding-top: 10px;\u00bb custom_css_member_position=\u00bbmargin-bottom: 10px;\u00bb border_radii=\u00bbon|10px|10px|10px|10px\u00bb border_width_all=\u00bb5px\u00bb border_color_all=\u00bb#FFFFFF\u00bb border_radii_image=\u00bbon|10px|10px|10px|10px\u00bb box_shadow_style=\u00bbpreset1&#8243; box_shadow_color=\u00bbrgba(110,130,208,0.2)\u00bb locked=\u00bboff\u00bb global_colors_info=\u00bb{%22gcid-e7308a3f-c783-4d8c-91ee-2ad13d56ec45%22:%91%22header_text_color%22%93,%22gcid-e96f76f2-8dc5-4abd-b04b-2358d1f1a2e4%22:%91%22position_text_color%22%93}\u00bb border_color_all__hover_enabled=\u00bbon|desktop\u00bb border_color_all__hover=\u00bb#C5310D\u00bb transform_styles__hover_enabled=\u00bbon|desktop\u00bb transform_scale__hover_enabled=\u00bbon|desktop\u00bb transform_translate__hover_enabled=\u00bbon|desktop\u00bb transform_rotate__hover_enabled=\u00bbon|desktop\u00bb transform_skew__hover_enabled=\u00bbon|desktop\u00bb transform_origin__hover_enabled=\u00bbon|desktop\u00bb transform_translate__hover=\u00bb0px|-15px\u00bb box_shadow_color__hover_enabled=\u00bboff|hover\u00bb box_shadow_color__hover=\u00bb#C5310D\u00bb title_text=\u00bbimagen_2023-11-03_221439515&#8243; sticky_enabled=\u00bb0&#8243;][\/et_pb_team_member][\/et_pb_column][et_pb_column type=\u00bb1_3&#8243; _builder_version=\u00bb4.21.0&#8243; _module_preset=\u00bbdefault\u00bb global_colors_info=\u00bb{}\u00bb][et_pb_team_member name=\u00bbName Goes Here\u00bb position=\u00bbPosition\u00bb image_url=\u00bbhttps:\/\/clinicaveterinariahuellas.es\/wp-content\/uploads\/2023\/11\/imagen_2023-11-03_221439515.png\u00bb _builder_version=\u00bb4.22.1&#8243; _module_preset=\u00bbdefault\u00bb header_font=\u00bbLeague Spartan|700|||||||\u00bb header_text_align=\u00bbcenter\u00bb header_text_color=\u00bbgcid-e7308a3f-c783-4d8c-91ee-2ad13d56ec45&#8243; header_font_size=\u00bb24px\u00bb header_line_height=\u00bb1.3em\u00bb body_font=\u00bbKarla||||||||\u00bb body_text_align=\u00bbcenter\u00bb body_text_color=\u00bb#160712&#8243; body_font_size=\u00bb16px\u00bb body_line_height=\u00bb1.8em\u00bb position_font=\u00bbKarla||||||||\u00bb position_text_align=\u00bbcenter\u00bb position_text_color=\u00bbgcid-e96f76f2-8dc5-4abd-b04b-2358d1f1a2e4&#8243; position_font_size=\u00bb17px\u00bb custom_padding=\u00bb20px|20px|20px|20px|true|true\u00bb hover_transition_duration=\u00bb500ms\u00bb hover_transition_speed_curve=\u00bbease-in-out\u00bb hover_enabled=\u00bb0&#8243; custom_css_member_description=\u00bbpadding-top: 10px;\u00bb custom_css_member_position=\u00bbmargin-bottom: 10px;\u00bb border_radii=\u00bbon|10px|10px|10px|10px\u00bb border_width_all=\u00bb5px\u00bb border_color_all=\u00bb#FFFFFF\u00bb border_radii_image=\u00bbon|10px|10px|10px|10px\u00bb box_shadow_style=\u00bbpreset1&#8243; box_shadow_color=\u00bbrgba(110,130,208,0.2)\u00bb locked=\u00bboff\u00bb global_colors_info=\u00bb{%22gcid-e7308a3f-c783-4d8c-91ee-2ad13d56ec45%22:%91%22header_text_color%22,%22header_text_color%22%93,%22gcid-e96f76f2-8dc5-4abd-b04b-2358d1f1a2e4%22:%91%22position_text_color%22,%22position_text_color%22%93}\u00bb border_color_all__hover_enabled=\u00bbon|desktop\u00bb border_color_all__hover=\u00bb#C5310D\u00bb transform_styles__hover_enabled=\u00bbon|desktop\u00bb transform_scale__hover_enabled=\u00bbon|desktop\u00bb transform_translate__hover=\u00bb0px|-15px\u00bb transform_translate__hover_enabled=\u00bbon|desktop\u00bb transform_rotate__hover_enabled=\u00bbon|desktop\u00bb transform_skew__hover_enabled=\u00bbon|desktop\u00bb transform_origin__hover_enabled=\u00bbon|desktop\u00bb title_text=\u00bbimagen_2023-11-03_221439515&#8243; sticky_enabled=\u00bb0&#8243;][\/et_pb_team_member][\/et_pb_column][\/et_pb_row][\/et_pb_section]<\/p>","protected":false},"excerpt":{"rendered":"<p>Cl\u00ednica Veterinaria en El Puerto de Santa Mar\u00eda ConocenosEl equipo humano de Huellas En Cl\u00ednica Veterinaria Huellas, la dedicaci\u00f3n y la profesionalidad son nuestros pilares. Nuestro equipo humano siente verdadera pasi\u00f3n por el cuidado de los animales y se esfuerza cada d\u00eda para proporcionar un servicio de la mejor calidad. Valoramos la honestidad en cada [&hellip;]<\/p>","protected":false},"author":1,"featured_media":0,"parent":0,"menu_order":0,"comment_status":"closed","ping_status":"closed","template":"","meta":{"_et_pb_use_builder":"on","_et_pb_old_content":"<!-- wp:divi\/placeholder \/-->","_et_gb_content_width":"","footnotes":""},"class_list":["post-127","page","type-page","status-publish","hentry"],"yoast_head":"<!-- This site is optimized with the Yoast SEO plugin v26.8 - https:\/\/yoast.com\/product\/yoast-seo-wordpress\/ -->\n<title>Con\u00f3cenos - Cl&iacute;nica Veterinaria huellas<\/title>\n<meta name=\"robots\" content=\"index, follow, max-snippet:-1, max-image-preview:large, max-video-preview:-1\" \/>\n<link rel=\"canonical\" href=\"https:\/\/clinicaveterinariahuellas.es\/en\/conocenos\/\" \/>\n<meta property=\"og:locale\" content=\"en_GB\" \/>\n<meta property=\"og:type\" content=\"article\" \/>\n<meta property=\"og:title\" content=\"Con\u00f3cenos - Cl&iacute;nica Veterinaria huellas\" \/>\n<meta property=\"og:description\" content=\"Cl\u00ednica Veterinaria en El Puerto de Santa Mar\u00eda ConocenosEl equipo humano de Huellas En Cl\u00ednica Veterinaria Huellas, la dedicaci\u00f3n y la profesionalidad son nuestros pilares. Nuestro equipo humano siente verdadera pasi\u00f3n por el cuidado de los animales y se esfuerza cada d\u00eda para proporcionar un servicio de la mejor calidad. Valoramos la honestidad en cada [&hellip;]\" \/>\n<meta property=\"og:url\" content=\"https:\/\/clinicaveterinariahuellas.es\/en\/conocenos\/\" \/>\n<meta property=\"og:site_name\" content=\"Cl&iacute;nica Veterinaria huellas\" \/>\n<meta property=\"article:publisher\" content=\"https:\/\/www.facebook.com\/HUELLAScv\" \/>\n<meta property=\"article:modified_time\" content=\"2023-11-03T21:16:30+00:00\" \/>\n<meta name=\"twitter:card\" content=\"summary_large_image\" \/>\n<meta name=\"twitter:label1\" content=\"Estimated reading time\" \/>\n\t<meta name=\"twitter:data1\" content=\"8 minutes\" \/>\n<script type=\"application\/ld+json\" class=\"yoast-schema-graph\">{\"@context\":\"https:\/\/schema.org\",\"@graph\":[{\"@type\":\"WebPage\",\"@id\":\"https:\/\/clinicaveterinariahuellas.es\/conocenos\/\",\"url\":\"https:\/\/clinicaveterinariahuellas.es\/conocenos\/\",\"name\":\"Con\u00f3cenos - Cl&iacute;nica Veterinaria huellas\",\"isPartOf\":{\"@id\":\"https:\/\/clinicaveterinariahuellas.es\/#website\"},\"datePublished\":\"2023-05-22T13:58:07+00:00\",\"dateModified\":\"2023-11-03T21:16:30+00:00\",\"breadcrumb\":{\"@id\":\"https:\/\/clinicaveterinariahuellas.es\/conocenos\/#breadcrumb\"},\"inLanguage\":\"en-GB\",\"potentialAction\":[{\"@type\":\"ReadAction\",\"target\":[\"https:\/\/clinicaveterinariahuellas.es\/conocenos\/\"]}]},{\"@type\":\"BreadcrumbList\",\"@id\":\"https:\/\/clinicaveterinariahuellas.es\/conocenos\/#breadcrumb\",\"itemListElement\":[{\"@type\":\"ListItem\",\"position\":1,\"name\":\"Portada\",\"item\":\"https:\/\/clinicaveterinariahuellas.es\/\"},{\"@type\":\"ListItem\",\"position\":2,\"name\":\"Con\u00f3cenos\"}]},{\"@type\":\"WebSite\",\"@id\":\"https:\/\/clinicaveterinariahuellas.es\/#website\",\"url\":\"https:\/\/clinicaveterinariahuellas.es\/\",\"name\":\"Cl\u00ednica Veterinaria Huellas\",\"description\":\"Mascotas felices, due&ntilde;os satisfechos\",\"publisher\":{\"@id\":\"https:\/\/clinicaveterinariahuellas.es\/#organization\"},\"alternateName\":\"Cl\u00ednica Veterinaria\",\"potentialAction\":[{\"@type\":\"SearchAction\",\"target\":{\"@type\":\"EntryPoint\",\"urlTemplate\":\"https:\/\/clinicaveterinariahuellas.es\/?s={search_term_string}\"},\"query-input\":{\"@type\":\"PropertyValueSpecification\",\"valueRequired\":true,\"valueName\":\"search_term_string\"}}],\"inLanguage\":\"en-GB\"},{\"@type\":\"Organization\",\"@id\":\"https:\/\/clinicaveterinariahuellas.es\/#organization\",\"name\":\"Cl\u00ednica Veterinaria Huellas\",\"url\":\"https:\/\/clinicaveterinariahuellas.es\/\",\"logo\":{\"@type\":\"ImageObject\",\"inLanguage\":\"en-GB\",\"@id\":\"https:\/\/clinicaveterinariahuellas.es\/#\/schema\/logo\/image\/\",\"url\":\"https:\/\/clinicaveterinariahuellas.es\/wp-content\/uploads\/2023\/10\/cropped-imagen_2023-10-31_095054056.png\",\"contentUrl\":\"https:\/\/clinicaveterinariahuellas.es\/wp-content\/uploads\/2023\/10\/cropped-imagen_2023-10-31_095054056.png\",\"width\":512,\"height\":512,\"caption\":\"Cl\u00ednica Veterinaria Huellas\"},\"image\":{\"@id\":\"https:\/\/clinicaveterinariahuellas.es\/#\/schema\/logo\/image\/\"},\"sameAs\":[\"https:\/\/www.facebook.com\/HUELLAScv\",\"https:\/\/www.instagram.com\/huellascv\/\"]}]}<\/script>\n<!-- \/ Yoast SEO plugin. -->","yoast_head_json":{"title":"Con\u00f3cenos - Cl&iacute;nica Veterinaria huellas","robots":{"index":"index","follow":"follow","max-snippet":"max-snippet:-1","max-image-preview":"max-image-preview:large","max-video-preview":"max-video-preview:-1"},"canonical":"https:\/\/clinicaveterinariahuellas.es\/en\/conocenos\/","og_locale":"en_GB","og_type":"article","og_title":"Con\u00f3cenos - Cl&iacute;nica Veterinaria huellas","og_description":"Cl\u00ednica Veterinaria en El Puerto de Santa Mar\u00eda ConocenosEl equipo humano de Huellas En Cl\u00ednica Veterinaria Huellas, la dedicaci\u00f3n y la profesionalidad son nuestros pilares. Nuestro equipo humano siente verdadera pasi\u00f3n por el cuidado de los animales y se esfuerza cada d\u00eda para proporcionar un servicio de la mejor calidad. Valoramos la honestidad en cada [&hellip;]","og_url":"https:\/\/clinicaveterinariahuellas.es\/en\/conocenos\/","og_site_name":"Cl&iacute;nica Veterinaria huellas","article_publisher":"https:\/\/www.facebook.com\/HUELLAScv","article_modified_time":"2023-11-03T21:16:30+00:00","twitter_card":"summary_large_image","twitter_misc":{"Estimated reading time":"8 minutes"},"schema":{"@context":"https:\/\/schema.org","@graph":[{"@type":"WebPage","@id":"https:\/\/clinicaveterinariahuellas.es\/conocenos\/","url":"https:\/\/clinicaveterinariahuellas.es\/conocenos\/","name":"Con\u00f3cenos - Cl&iacute;nica Veterinaria huellas","isPartOf":{"@id":"https:\/\/clinicaveterinariahuellas.es\/#website"},"datePublished":"2023-05-22T13:58:07+00:00","dateModified":"2023-11-03T21:16:30+00:00","breadcrumb":{"@id":"https:\/\/clinicaveterinariahuellas.es\/conocenos\/#breadcrumb"},"inLanguage":"en-GB","potentialAction":[{"@type":"ReadAction","target":["https:\/\/clinicaveterinariahuellas.es\/conocenos\/"]}]},{"@type":"BreadcrumbList","@id":"https:\/\/clinicaveterinariahuellas.es\/conocenos\/#breadcrumb","itemListElement":[{"@type":"ListItem","position":1,"name":"Portada","item":"https:\/\/clinicaveterinariahuellas.es\/"},{"@type":"ListItem","position":2,"name":"Con\u00f3cenos"}]},{"@type":"WebSite","@id":"https:\/\/clinicaveterinariahuellas.es\/#website","url":"https:\/\/clinicaveterinariahuellas.es\/","name":"Cl\u00ednica Veterinaria Huellas","description":"Mascotas felices, due&ntilde;os satisfechos","publisher":{"@id":"https:\/\/clinicaveterinariahuellas.es\/#organization"},"alternateName":"Cl\u00ednica Veterinaria","potentialAction":[{"@type":"SearchAction","target":{"@type":"EntryPoint","urlTemplate":"https:\/\/clinicaveterinariahuellas.es\/?s={search_term_string}"},"query-input":{"@type":"PropertyValueSpecification","valueRequired":true,"valueName":"search_term_string"}}],"inLanguage":"en-GB"},{"@type":"Organization","@id":"https:\/\/clinicaveterinariahuellas.es\/#organization","name":"Cl\u00ednica Veterinaria Huellas","url":"https:\/\/clinicaveterinariahuellas.es\/","logo":{"@type":"ImageObject","inLanguage":"en-GB","@id":"https:\/\/clinicaveterinariahuellas.es\/#\/schema\/logo\/image\/","url":"https:\/\/clinicaveterinariahuellas.es\/wp-content\/uploads\/2023\/10\/cropped-imagen_2023-10-31_095054056.png","contentUrl":"https:\/\/clinicaveterinariahuellas.es\/wp-content\/uploads\/2023\/10\/cropped-imagen_2023-10-31_095054056.png","width":512,"height":512,"caption":"Cl\u00ednica Veterinaria Huellas"},"image":{"@id":"https:\/\/clinicaveterinariahuellas.es\/#\/schema\/logo\/image\/"},"sameAs":["https:\/\/www.facebook.com\/HUELLAScv","https:\/\/www.instagram.com\/huellascv\/"]}]}},"_links":{"self":[{"href":"https:\/\/clinicaveterinariahuellas.es\/en\/wp-json\/wp\/v2\/pages\/127","targetHints":{"allow":["GET"]}}],"collection":[{"href":"https:\/\/clinicaveterinariahuellas.es\/en\/wp-json\/wp\/v2\/pages"}],"about":[{"href":"https:\/\/clinicaveterinariahuellas.es\/en\/wp-json\/wp\/v2\/types\/page"}],"author":[{"embeddable":true,"href":"https:\/\/clinicaveterinariahuellas.es\/en\/wp-json\/wp\/v2\/users\/1"}],"replies":[{"embeddable":true,"href":"https:\/\/clinicaveterinariahuellas.es\/en\/wp-json\/wp\/v2\/comments?post=127"}],"version-history":[{"count":9,"href":"https:\/\/clinicaveterinariahuellas.es\/en\/wp-json\/wp\/v2\/pages\/127\/revisions"}],"predecessor-version":[{"id":291,"href":"https:\/\/clinicaveterinariahuellas.es\/en\/wp-json\/wp\/v2\/pages\/127\/revisions\/291"}],"wp:attachment":[{"href":"https:\/\/clinicaveterinariahuellas.es\/en\/wp-json\/wp\/v2\/media?parent=127"}],"curies":[{"name":"wp","href":"https:\/\/api.w.org\/{rel}","templated":true}]}}