{"id":129,"date":"2023-05-22T13:57:39","date_gmt":"2023-05-22T13:57:39","guid":{"rendered":"https:\/\/clinicaveterinariahuellas.es\/especialidades\/"},"modified":"2023-11-03T10:32:12","modified_gmt":"2023-11-03T10:32:12","slug":"especialidades","status":"publish","type":"page","link":"https:\/\/clinicaveterinariahuellas.es\/en\/especialidades\/","title":{"rendered":"Especialidades"},"content":{"rendered":"<p>[et_pb_section fb_built=\u00bb1&#8243; custom_padding_last_edited=\u00bbon|phone\u00bb _builder_version=\u00bb4.22.1&#8243; _module_preset=\u00bbdefault\u00bb background_color=\u00bb#C5310D\u00bb background_image=\u00bbhttps:\/\/clinicaveterinariahuellas.es\/wp-content\/uploads\/2023\/10\/IMG_20170606_200910049_HDR.webp\u00bb custom_padding=\u00bb100px||100px||true|false\u00bb custom_padding_tablet=\u00bb100px||100px||true|false\u00bb custom_padding_phone=\u00bb70px||70px||true|false\u00bb locked=\u00bboff\u00bb global_colors_info=\u00bb{%22gcid-8323165f-da91-4be0-b31b-381a5027f40d%22:%91%22background_color%22,%22background_color_gradient_stops%22%93}\u00bb][et_pb_row _builder_version=\u00bb4.21.0&#8243; _module_preset=\u00bbdefault\u00bb global_colors_info=\u00bb{}\u00bb][et_pb_column type=\u00bb4_4&#8243; _builder_version=\u00bb4.21.0&#8243; _module_preset=\u00bbdefault\u00bb global_colors_info=\u00bb{}\u00bb][et_pb_text _builder_version=\u00bb4.22.1&#8243; _module_preset=\u00bbdefault\u00bb header_text_color=\u00bb#FFFFFF\u00bb header_font_size=\u00bb66px\u00bb custom_margin=\u00bb||1px||false|false\u00bb custom_margin_tablet=\u00bb||0px||false|false\u00bb custom_margin_phone=\u00bb||0px||false|false\u00bb custom_margin_last_edited=\u00bbon|tablet\u00bb header_font_size_tablet=\u00bb52px\u00bb header_font_size_phone=\u00bb40px\u00bb global_colors_info=\u00bb{}\u00bb]<\/p>\n<p><span style=\"color: #ffffff;\">Cl\u00ednica Felina en El Puerto de Santa Mar\u00eda<\/span><\/p>\n<h1>Especialidades<\/h1>\n<p>[\/et_pb_text][\/et_pb_column][\/et_pb_row][\/et_pb_section][et_pb_section fb_built=\u00bb1&#8243; _builder_version=\u00bb4.21.0&#8243; _module_preset=\u00bbdefault\u00bb background_color=\u00bb#F1F4F6&#8243; locked=\u00bboff\u00bb global_colors_info=\u00bb{}\u00bb][et_pb_row column_structure=\u00bb1_2,1_2&#8243; _builder_version=\u00bb4.21.0&#8243; _module_preset=\u00bbdefault\u00bb global_colors_info=\u00bb{}\u00bb][et_pb_column type=\u00bb1_2&#8243; _builder_version=\u00bb4.21.0&#8243; _module_preset=\u00bbdefault\u00bb global_colors_info=\u00bb{}\u00bb][et_pb_image src=\u00bbhttps:\/\/clinicaveterinariahuellas.es\/wp-content\/uploads\/2023\/10\/IMG_20170606_200910049_HDR.webp\u00bb title_text=\u00bbIMG_20170606_200910049_HDR\u00bb _builder_version=\u00bb4.22.1&#8243; _module_preset=\u00bbdefault\u00bb width=\u00bb60%\u00bb max_width=\u00bb89%\u00bb custom_padding=\u00bb||40px||false|false\u00bb border_radii=\u00bbon|10px|10px|10px|10px\u00bb global_colors_info=\u00bb{}\u00bb][\/et_pb_image][et_pb_image src=\u00bbhttps:\/\/clinicaveterinariahuellas.es\/wp-content\/uploads\/2023\/10\/2023-04-23.webp\u00bb title_text=\u00bb2023-04-23&#8243; align=\u00bbright\u00bb _builder_version=\u00bb4.22.1&#8243; _module_preset=\u00bbdefault\u00bb positioning=\u00bbabsolute\u00bb position_origin_a=\u00bbbottom_right\u00bb width=\u00bb56%\u00bb max_width=\u00bb50%\u00bb border_radii=\u00bbon|10px|10px|10px|10px\u00bb border_width_all=\u00bb10px\u00bb border_color_all=\u00bb#FFFFFF\u00bb global_colors_info=\u00bb{}\u00bb][\/et_pb_image][\/et_pb_column][et_pb_column type=\u00bb1_2&#8243; _builder_version=\u00bb4.21.0&#8243; _module_preset=\u00bbdefault\u00bb custom_css_main_element=\u00bbmargin: auto;\u00bb global_colors_info=\u00bb{}\u00bb][et_pb_text _builder_version=\u00bb4.22.1&#8243; _module_preset=\u00bbdefault\u00bb header_text_color=\u00bbgcid-bd61a045-8320-439b-831d-8ec105c3fb0c\u00bb header_2_text_color=\u00bbgcid-bd61a045-8320-439b-831d-8ec105c3fb0c\u00bb global_colors_info=\u00bb{%22gcid-bd61a045-8320-439b-831d-8ec105c3fb0c%22:%91%22text_text_color%22,%22header_text_color%22,%22header_2_text_color%22%93,%22gcid-1ace7f53-403b-4f2e-bba5-1f5759a9be8a%22:%91%22link_text_color%22,%22link_text_color%22%93,%22gcid-f53dd1ea-b6d1-44ff-a5ec-c6187927b908%22:%91%22header_3_text_color%22,%22header_3_text_color%22%93}\u00bb]<\/p>\n<h2>Nuestro amor por los gatos<\/h2>\n<p>En Cl\u00ednica Veterinaria Huellas,<strong> sentimos un amor especial por los gatos<\/strong> y entendemos que son seres \u00fanicos con necesidades muy diferentes a las del resto de animales.<\/p>\n<p>Nuestro personal est\u00e1 altamente capacitado y comprometido en proporcionar el mejor cuidado felino.<strong> Entendemos su comportamiento, su sensibilidad y sus requerimientos de bienestar.<\/strong><\/p>\n<p>En nuestra cl\u00ednica, tu gato recibir\u00e1 una atenci\u00f3n adaptada y personalizada, y <strong>nos aseguraremos de que se sienta c\u00f3modo y seguro durante cada visita.<\/strong> <span style=\"text-decoration: underline;\">Su salud y su felicidad son nuestra prioridad.<\/span><\/p>\n<p>[\/et_pb_text][\/et_pb_column][\/et_pb_row][\/et_pb_section][et_pb_section fb_built=\u00bb1&#8243; make_equal=\u00bbon\u00bb use_custom_gutter=\u00bbon\u00bb gutter_width=\u00bb1&#8243; specialty=\u00bbon\u00bb padding_top_1=\u00bb0px\u00bb padding_top_2=\u00bb0px\u00bb padding_bottom_1=\u00bb0px\u00bb padding_bottom_2=\u00bb0px\u00bb padding_top_bottom_link_1=\u00bbtrue\u00bb padding_top_bottom_link_2=\u00bbtrue\u00bb padding_left_right_link_1=\u00bbfalse\u00bb padding_left_right_link_2=\u00bbfalse\u00bb custom_css_main_1=\u00bbdisplay: flex;||flex-direction: column;||justify-content: center;\u00bb custom_css_main_2=\u00bbdisplay: flex;||flex-direction: column;||justify-content: center;\u00bb _builder_version=\u00bb4.21.0&#8243; _module_preset=\u00bbdefault\u00bb module_alignment=\u00bbcenter\u00bb inner_width=\u00bb100%\u00bb inner_max_width=\u00bb100%\u00bb custom_padding=\u00bb0px||0px||true|false\u00bb custom_css_main_element=\u00bbdisplay: flex;||flex-direction: column;||justify-content: center;\u00bb global_colors_info=\u00bb{}\u00bb][et_pb_column type=\u00bb1_2&#8243; _builder_version=\u00bb4.16&#8243; custom_padding=\u00bb|||\u00bb global_colors_info=\u00bb{}\u00bb custom_padding__hover=\u00bb|||\u00bb][et_pb_divider show_divider=\u00bboff\u00bb _builder_version=\u00bb4.22.1&#8243; _module_preset=\u00bbdefault\u00bb background_image=\u00bbhttps:\/\/clinicaveterinariahuellas.es\/wp-content\/uploads\/2023\/10\/FB_IMG_1482130740273.webp\u00bb custom_margin_tablet=\u00bb||40px||false|false\u00bb custom_margin_phone=\u00bb||40px||false|false\u00bb custom_margin_last_edited=\u00bbon|tablet\u00bb custom_padding=\u00bb260px||260px||true|false\u00bb custom_padding_tablet=\u00bb210px||210px||true|false\u00bb custom_padding_phone=\u00bb160px||160px||true|false\u00bb custom_padding_last_edited=\u00bbon|phone\u00bb locked=\u00bboff\u00bb global_colors_info=\u00bb{}\u00bb][\/et_pb_divider][\/et_pb_column][et_pb_column type=\u00bb1_2&#8243; specialty_columns=\u00bb2&#8243; _builder_version=\u00bb4.16&#8243; custom_padding=\u00bb|||\u00bb global_colors_info=\u00bb{}\u00bb custom_padding__hover=\u00bb|||\u00bb][et_pb_row_inner use_custom_gutter=\u00bbon\u00bb gutter_width=\u00bb2&#8243; make_equal=\u00bbon\u00bb _builder_version=\u00bb4.21.0&#8243; _module_preset=\u00bbdefault\u00bb width_tablet=\u00bb80%\u00bb width_phone=\u00bb80%\u00bb width_last_edited=\u00bbon|tablet\u00bb max_width=\u00bb600px\u00bb max_width_tablet=\u00bb1080px\u00bb max_width_phone=\u00bb1080px\u00bb max_width_last_edited=\u00bbon|tablet\u00bb module_alignment=\u00bbleft\u00bb module_alignment_tablet=\u00bbcenter\u00bb module_alignment_phone=\u00bbcenter\u00bb module_alignment_last_edited=\u00bbon|tablet\u00bb global_colors_info=\u00bb{}\u00bb][et_pb_column_inner saved_specialty_column_type=\u00bb1_2&#8243; _builder_version=\u00bb4.21.0&#8243; _module_preset=\u00bbdefault\u00bb global_colors_info=\u00bb{}\u00bb][et_pb_text _builder_version=\u00bb4.22.1&#8243; _module_preset=\u00bbdefault\u00bb header_2_text_align=\u00bbleft\u00bb header_2_line_height=\u00bb1.2em\u00bb max_width=\u00bb720px\u00bb module_alignment=\u00bbcenter\u00bb custom_padding=\u00bb|0px||40px|false|false\u00bb custom_padding_tablet=\u00bb|0px||0px|false|true\u00bb custom_padding_phone=\u00bb|0px||0px|false|true\u00bb custom_padding_last_edited=\u00bbon|tablet\u00bb border_radii=\u00bbon|10px|10px|10px|10px\u00bb locked=\u00bboff\u00bb global_colors_info=\u00bb{%22gcid-1ace7f53-403b-4f2e-bba5-1f5759a9be8a%22:%91%22link_text_color%22,%22link_text_color%22,%22link_text_color%22%93,%22gcid-f53dd1ea-b6d1-44ff-a5ec-c6187927b908%22:%91%22header_3_text_color%22,%22header_3_text_color%22,%22header_3_text_color%22,%22header_3_text_color%22,%22header_3_text_color%22%93}\u00bb]<\/p>\n<h2>Cuidados veterinarios adaptados<\/h2>\n<p>Nuestro conocimiento nos permite tener una <strong>amplia visi\u00f3n de las necesidades \u00fanicas de los felinos<\/strong> en cada uno de los servicios veterinarios que ofrecemos.<\/p>\n<p>Tenemos en cuenta sus necesidades y comportamientos, pero tambi\u00e9n sabemos que son especialmente propensos a experimentar estr\u00e9s durante las visitas, <strong>as\u00ed que nos esforzamos por crear un ambiente agradable y en el que sientan seguros.<\/strong><\/p>\n<p>Llevamos a cabo cada procedimiento con <strong>extremo cuidado y respeto<\/strong> hacia estos animales que tanto amamos, y estaremos a tu lado en todo momento para resolver cualquier duda, <strong>as\u00ed como para orientarte en c\u00f3mo mejorar su bienestar y vuestra relaci\u00f3n.<\/strong><\/p>\n<p>Cuando eliges la <strong>Cl\u00ednica Veterinaria Huellas,<\/strong> est\u00e1s eligiendo a un equipo que verdaderamente comprende y aprecia a tu querido amigo felino.<\/p>\n<p>[\/et_pb_text][\/et_pb_column_inner][\/et_pb_row_inner][\/et_pb_column][\/et_pb_section][et_pb_section fb_built=\u00bb1&#8243; _builder_version=\u00bb4.22.1&#8243; _module_preset=\u00bbdefault\u00bb global_colors_info=\u00bb{}\u00bb][et_pb_row _builder_version=\u00bb4.22.1&#8243; _module_preset=\u00bbdefault\u00bb global_colors_info=\u00bb{}\u00bb][et_pb_column type=\u00bb4_4&#8243; _builder_version=\u00bb4.22.1&#8243; _module_preset=\u00bbdefault\u00bb global_colors_info=\u00bb{}\u00bb][et_pb_text _builder_version=\u00bb4.22.1&#8243; _module_preset=\u00bbdefault\u00bb global_colors_info=\u00bb{}\u00bb]<\/p>\n<h2 style=\"text-align: center;\">Explora nuestras instalaciones<\/h2>\n<p>[\/et_pb_text][\/et_pb_column][\/et_pb_row][\/et_pb_section][et_pb_section fb_built=\u00bb1&#8243; _builder_version=\u00bb4.22.1&#8243; _module_preset=\u00bbdefault\u00bb global_colors_info=\u00bb{}\u00bb][et_pb_row _builder_version=\u00bb4.22.1&#8243; _module_preset=\u00bbdefault\u00bb global_colors_info=\u00bb{}\u00bb][et_pb_column type=\u00bb4_4&#8243; _builder_version=\u00bb4.22.1&#8243; _module_preset=\u00bbdefault\u00bb global_colors_info=\u00bb{}\u00bb][et_pb_gallery gallery_ids=\u00bb210,203,202&#8243; fullwidth=\u00bbon\u00bb _builder_version=\u00bb4.22.1&#8243; _module_preset=\u00bbdefault\u00bb width=\u00bb50%\u00bb module_alignment=\u00bbcenter\u00bb min_height=\u00bb50%\u00bb max_height=\u00bb400px\u00bb global_colors_info=\u00bb{}\u00bb transform_styles__hover_enabled=\u00bbon|hover\u00bb transform_scale__hover_enabled=\u00bbon|hover\u00bb transform_translate__hover_enabled=\u00bbon|desktop\u00bb transform_rotate__hover_enabled=\u00bbon|desktop\u00bb transform_skew__hover_enabled=\u00bbon|desktop\u00bb transform_origin__hover_enabled=\u00bbon|desktop\u00bb transform_scale__hover=\u00bb104%|104%\u00bb][\/et_pb_gallery][\/et_pb_column][\/et_pb_row][\/et_pb_section][et_pb_section fb_built=\u00bb1&#8243; fullwidth=\u00bbon\u00bb _builder_version=\u00bb4.22.1&#8243; _module_preset=\u00bbdefault\u00bb global_colors_info=\u00bb{}\u00bb][\/et_pb_section][et_pb_section fb_built=\u00bb1&#8243; make_equal=\u00bbon\u00bb use_custom_gutter=\u00bbon\u00bb gutter_width=\u00bb1&#8243; specialty=\u00bbon\u00bb padding_top_1=\u00bb0px\u00bb padding_top_2=\u00bb0px\u00bb padding_bottom_1=\u00bb0px\u00bb padding_bottom_2=\u00bb0px\u00bb padding_top_bottom_link_1=\u00bbtrue\u00bb padding_top_bottom_link_2=\u00bbtrue\u00bb padding_left_right_link_1=\u00bbfalse\u00bb padding_left_right_link_2=\u00bbfalse\u00bb custom_css_main_1=\u00bbdisplay: flex;||flex-direction: column;||justify-content: center;\u00bb custom_css_main_2=\u00bbdisplay: flex;||flex-direction: column;||justify-content: center;\u00bb disabled_on=\u00bbon|on|on\u00bb module_class=\u00bbreversesp\u00bb _builder_version=\u00bb4.21.0&#8243; _module_preset=\u00bbdefault\u00bb module_alignment=\u00bbcenter\u00bb inner_width=\u00bb100%\u00bb inner_max_width=\u00bb100%\u00bb custom_padding=\u00bb0px||0px||true|false\u00bb custom_css_main_element=\u00bbdisplay: flex;||flex-direction: column;||justify-content: center;\u00bb disabled=\u00bbon\u00bb global_colors_info=\u00bb{}\u00bb][et_pb_column type=\u00bb1_2&#8243; specialty_columns=\u00bb2&#8243; _builder_version=\u00bb4.16&#8243; custom_padding=\u00bb|||\u00bb global_colors_info=\u00bb{}\u00bb custom_padding__hover=\u00bb|||\u00bb][et_pb_row_inner use_custom_gutter=\u00bbon\u00bb gutter_width=\u00bb2&#8243; make_equal=\u00bbon\u00bb _builder_version=\u00bb4.21.0&#8243; _module_preset=\u00bbdefault\u00bb width_tablet=\u00bb80%\u00bb width_phone=\u00bb80%\u00bb width_last_edited=\u00bbon|tablet\u00bb max_width=\u00bb600px\u00bb max_width_tablet=\u00bb1080px\u00bb max_width_phone=\u00bb1080px\u00bb max_width_last_edited=\u00bbon|tablet\u00bb module_alignment=\u00bbright\u00bb module_alignment_tablet=\u00bbcenter\u00bb module_alignment_phone=\u00bbcenter\u00bb module_alignment_last_edited=\u00bbon|tablet\u00bb locked=\u00bboff\u00bb global_colors_info=\u00bb{}\u00bb][et_pb_column_inner saved_specialty_column_type=\u00bb1_2&#8243; _builder_version=\u00bb4.21.0&#8243; _module_preset=\u00bbdefault\u00bb global_colors_info=\u00bb{}\u00bb][et_pb_text _builder_version=\u00bb4.21.0&#8243; _module_preset=\u00bbdefault\u00bb header_2_text_align=\u00bbleft\u00bb header_2_line_height=\u00bb1.2em\u00bb max_width=\u00bb720px\u00bb module_alignment=\u00bbcenter\u00bb custom_padding=\u00bb|40px|||false|false\u00bb custom_padding_tablet=\u00bb|0px||0px|false|true\u00bb custom_padding_phone=\u00bb|0px||0px|false|true\u00bb custom_padding_last_edited=\u00bbon|tablet\u00bb border_radii=\u00bbon|10px|10px|10px|10px\u00bb locked=\u00bboff\u00bb global_colors_info=\u00bb{%22gcid-1ace7f53-403b-4f2e-bba5-1f5759a9be8a%22:%91%22link_text_color%22,%22link_text_color%22,%22link_text_color%22%93,%22gcid-f53dd1ea-b6d1-44ff-a5ec-c6187927b908%22:%91%22header_3_text_color%22,%22header_3_text_color%22,%22header_3_text_color%22,%22header_3_text_color%22,%22header_3_text_color%22%93}\u00bb]<\/p>\n<h2>Medicina Felina<\/h2>\n<p>En nuestra cl\u00ednica veterinaria, disponemos de las \u00faltimas tecnolog\u00edas y herramientas m\u00e9dicas necesarias para diagnosticar y tratar cualquier problema de salud que puedan presentar los gatos, desde enfermedades comunes hasta problemas m\u00e1s complejos.<\/p>\n<p>Nuestro objetivo es garantizar que cada gato que visite nuestra cl\u00ednica reciba el tratamiento m\u00e1s adecuado y efectivo para su situaci\u00f3n particular.<\/p>\n<p>[\/et_pb_text][\/et_pb_column_inner][\/et_pb_row_inner][\/et_pb_column][et_pb_column type=\u00bb1_2&#8243; _builder_version=\u00bb4.16&#8243; custom_padding=\u00bb|||\u00bb global_colors_info=\u00bb{}\u00bb custom_padding__hover=\u00bb|||\u00bb][et_pb_divider show_divider=\u00bboff\u00bb _builder_version=\u00bb4.21.0&#8243; _module_preset=\u00bbdefault\u00bb background_image=\u00bbhttps:\/\/clinicaveterinariahuellas.es\/wp-content\/uploads\/2023\/07\/IMG-20230220-WA0013.jpg\u00bb custom_margin_tablet=\u00bb||40px||false|false\u00bb custom_margin_phone=\u00bb||40px||false|false\u00bb custom_margin_last_edited=\u00bbon|tablet\u00bb custom_padding=\u00bb260px||260px||true|false\u00bb custom_padding_tablet=\u00bb210px||210px||true|false\u00bb custom_padding_phone=\u00bb160px||160px||true|false\u00bb custom_padding_last_edited=\u00bbon|phone\u00bb locked=\u00bboff\u00bb global_colors_info=\u00bb{}\u00bb][\/et_pb_divider][\/et_pb_column][\/et_pb_section]<\/p>","protected":false},"excerpt":{"rendered":"<p>Cl\u00ednica Felina en El Puerto de Santa Mar\u00eda EspecialidadesNuestro amor por los gatos En Cl\u00ednica Veterinaria Huellas, sentimos un amor especial por los gatos y entendemos que son seres \u00fanicos con necesidades muy diferentes a las del resto de animales. Nuestro personal est\u00e1 altamente capacitado y comprometido en proporcionar el mejor cuidado felino. Entendemos su [&hellip;]<\/p>","protected":false},"author":1,"featured_media":0,"parent":0,"menu_order":0,"comment_status":"closed","ping_status":"closed","template":"","meta":{"_et_pb_use_builder":"on","_et_pb_old_content":"<!-- wp:divi\/placeholder \/-->","_et_gb_content_width":"","footnotes":""},"class_list":["post-129","page","type-page","status-publish","hentry"],"yoast_head":"<!-- This site is optimized with the Yoast SEO plugin v26.8 - https:\/\/yoast.com\/product\/yoast-seo-wordpress\/ -->\n<title>Especialidades - Cl&iacute;nica Veterinaria huellas<\/title>\n<meta name=\"robots\" content=\"index, follow, max-snippet:-1, max-image-preview:large, max-video-preview:-1\" \/>\n<link rel=\"canonical\" href=\"https:\/\/clinicaveterinariahuellas.es\/en\/especialidades\/\" \/>\n<meta property=\"og:locale\" content=\"en_GB\" \/>\n<meta property=\"og:type\" content=\"article\" \/>\n<meta property=\"og:title\" content=\"Especialidades - Cl&iacute;nica Veterinaria huellas\" \/>\n<meta property=\"og:description\" content=\"Cl\u00ednica Felina en El Puerto de Santa Mar\u00eda EspecialidadesNuestro amor por los gatos En Cl\u00ednica Veterinaria Huellas, sentimos un amor especial por los gatos y entendemos que son seres \u00fanicos con necesidades muy diferentes a las del resto de animales. Nuestro personal est\u00e1 altamente capacitado y comprometido en proporcionar el mejor cuidado felino. Entendemos su [&hellip;]\" \/>\n<meta property=\"og:url\" content=\"https:\/\/clinicaveterinariahuellas.es\/en\/especialidades\/\" \/>\n<meta property=\"og:site_name\" content=\"Cl&iacute;nica Veterinaria huellas\" \/>\n<meta property=\"article:publisher\" content=\"https:\/\/www.facebook.com\/HUELLAScv\" \/>\n<meta property=\"article:modified_time\" content=\"2023-11-03T10:32:12+00:00\" \/>\n<meta name=\"twitter:card\" content=\"summary_large_image\" \/>\n<meta name=\"twitter:label1\" content=\"Estimated reading time\" \/>\n\t<meta name=\"twitter:data1\" content=\"9 minutes\" \/>\n<script type=\"application\/ld+json\" class=\"yoast-schema-graph\">{\"@context\":\"https:\/\/schema.org\",\"@graph\":[{\"@type\":\"WebPage\",\"@id\":\"https:\/\/clinicaveterinariahuellas.es\/especialidades\/\",\"url\":\"https:\/\/clinicaveterinariahuellas.es\/especialidades\/\",\"name\":\"Especialidades - Cl&iacute;nica Veterinaria huellas\",\"isPartOf\":{\"@id\":\"https:\/\/clinicaveterinariahuellas.es\/#website\"},\"datePublished\":\"2023-05-22T13:57:39+00:00\",\"dateModified\":\"2023-11-03T10:32:12+00:00\",\"breadcrumb\":{\"@id\":\"https:\/\/clinicaveterinariahuellas.es\/especialidades\/#breadcrumb\"},\"inLanguage\":\"en-GB\",\"potentialAction\":[{\"@type\":\"ReadAction\",\"target\":[\"https:\/\/clinicaveterinariahuellas.es\/especialidades\/\"]}]},{\"@type\":\"BreadcrumbList\",\"@id\":\"https:\/\/clinicaveterinariahuellas.es\/especialidades\/#breadcrumb\",\"itemListElement\":[{\"@type\":\"ListItem\",\"position\":1,\"name\":\"Portada\",\"item\":\"https:\/\/clinicaveterinariahuellas.es\/\"},{\"@type\":\"ListItem\",\"position\":2,\"name\":\"Especialidades\"}]},{\"@type\":\"WebSite\",\"@id\":\"https:\/\/clinicaveterinariahuellas.es\/#website\",\"url\":\"https:\/\/clinicaveterinariahuellas.es\/\",\"name\":\"Cl\u00ednica Veterinaria Huellas\",\"description\":\"Mascotas felices, due&ntilde;os satisfechos\",\"publisher\":{\"@id\":\"https:\/\/clinicaveterinariahuellas.es\/#organization\"},\"alternateName\":\"Cl\u00ednica Veterinaria\",\"potentialAction\":[{\"@type\":\"SearchAction\",\"target\":{\"@type\":\"EntryPoint\",\"urlTemplate\":\"https:\/\/clinicaveterinariahuellas.es\/?s={search_term_string}\"},\"query-input\":{\"@type\":\"PropertyValueSpecification\",\"valueRequired\":true,\"valueName\":\"search_term_string\"}}],\"inLanguage\":\"en-GB\"},{\"@type\":\"Organization\",\"@id\":\"https:\/\/clinicaveterinariahuellas.es\/#organization\",\"name\":\"Cl\u00ednica Veterinaria Huellas\",\"url\":\"https:\/\/clinicaveterinariahuellas.es\/\",\"logo\":{\"@type\":\"ImageObject\",\"inLanguage\":\"en-GB\",\"@id\":\"https:\/\/clinicaveterinariahuellas.es\/#\/schema\/logo\/image\/\",\"url\":\"https:\/\/clinicaveterinariahuellas.es\/wp-content\/uploads\/2023\/10\/cropped-imagen_2023-10-31_095054056.png\",\"contentUrl\":\"https:\/\/clinicaveterinariahuellas.es\/wp-content\/uploads\/2023\/10\/cropped-imagen_2023-10-31_095054056.png\",\"width\":512,\"height\":512,\"caption\":\"Cl\u00ednica Veterinaria Huellas\"},\"image\":{\"@id\":\"https:\/\/clinicaveterinariahuellas.es\/#\/schema\/logo\/image\/\"},\"sameAs\":[\"https:\/\/www.facebook.com\/HUELLAScv\",\"https:\/\/www.instagram.com\/huellascv\/\"]}]}<\/script>\n<!-- \/ Yoast SEO plugin. -->","yoast_head_json":{"title":"Especialidades - Cl&iacute;nica Veterinaria huellas","robots":{"index":"index","follow":"follow","max-snippet":"max-snippet:-1","max-image-preview":"max-image-preview:large","max-video-preview":"max-video-preview:-1"},"canonical":"https:\/\/clinicaveterinariahuellas.es\/en\/especialidades\/","og_locale":"en_GB","og_type":"article","og_title":"Especialidades - Cl&iacute;nica Veterinaria huellas","og_description":"Cl\u00ednica Felina en El Puerto de Santa Mar\u00eda EspecialidadesNuestro amor por los gatos En Cl\u00ednica Veterinaria Huellas, sentimos un amor especial por los gatos y entendemos que son seres \u00fanicos con necesidades muy diferentes a las del resto de animales. Nuestro personal est\u00e1 altamente capacitado y comprometido en proporcionar el mejor cuidado felino. Entendemos su [&hellip;]","og_url":"https:\/\/clinicaveterinariahuellas.es\/en\/especialidades\/","og_site_name":"Cl&iacute;nica Veterinaria huellas","article_publisher":"https:\/\/www.facebook.com\/HUELLAScv","article_modified_time":"2023-11-03T10:32:12+00:00","twitter_card":"summary_large_image","twitter_misc":{"Estimated reading time":"9 minutes"},"schema":{"@context":"https:\/\/schema.org","@graph":[{"@type":"WebPage","@id":"https:\/\/clinicaveterinariahuellas.es\/especialidades\/","url":"https:\/\/clinicaveterinariahuellas.es\/especialidades\/","name":"Especialidades - Cl&iacute;nica Veterinaria huellas","isPartOf":{"@id":"https:\/\/clinicaveterinariahuellas.es\/#website"},"datePublished":"2023-05-22T13:57:39+00:00","dateModified":"2023-11-03T10:32:12+00:00","breadcrumb":{"@id":"https:\/\/clinicaveterinariahuellas.es\/especialidades\/#breadcrumb"},"inLanguage":"en-GB","potentialAction":[{"@type":"ReadAction","target":["https:\/\/clinicaveterinariahuellas.es\/especialidades\/"]}]},{"@type":"BreadcrumbList","@id":"https:\/\/clinicaveterinariahuellas.es\/especialidades\/#breadcrumb","itemListElement":[{"@type":"ListItem","position":1,"name":"Portada","item":"https:\/\/clinicaveterinariahuellas.es\/"},{"@type":"ListItem","position":2,"name":"Especialidades"}]},{"@type":"WebSite","@id":"https:\/\/clinicaveterinariahuellas.es\/#website","url":"https:\/\/clinicaveterinariahuellas.es\/","name":"Cl\u00ednica Veterinaria Huellas","description":"Mascotas felices, due&ntilde;os satisfechos","publisher":{"@id":"https:\/\/clinicaveterinariahuellas.es\/#organization"},"alternateName":"Cl\u00ednica Veterinaria","potentialAction":[{"@type":"SearchAction","target":{"@type":"EntryPoint","urlTemplate":"https:\/\/clinicaveterinariahuellas.es\/?s={search_term_string}"},"query-input":{"@type":"PropertyValueSpecification","valueRequired":true,"valueName":"search_term_string"}}],"inLanguage":"en-GB"},{"@type":"Organization","@id":"https:\/\/clinicaveterinariahuellas.es\/#organization","name":"Cl\u00ednica Veterinaria Huellas","url":"https:\/\/clinicaveterinariahuellas.es\/","logo":{"@type":"ImageObject","inLanguage":"en-GB","@id":"https:\/\/clinicaveterinariahuellas.es\/#\/schema\/logo\/image\/","url":"https:\/\/clinicaveterinariahuellas.es\/wp-content\/uploads\/2023\/10\/cropped-imagen_2023-10-31_095054056.png","contentUrl":"https:\/\/clinicaveterinariahuellas.es\/wp-content\/uploads\/2023\/10\/cropped-imagen_2023-10-31_095054056.png","width":512,"height":512,"caption":"Cl\u00ednica Veterinaria Huellas"},"image":{"@id":"https:\/\/clinicaveterinariahuellas.es\/#\/schema\/logo\/image\/"},"sameAs":["https:\/\/www.facebook.com\/HUELLAScv","https:\/\/www.instagram.com\/huellascv\/"]}]}},"_links":{"self":[{"href":"https:\/\/clinicaveterinariahuellas.es\/en\/wp-json\/wp\/v2\/pages\/129","targetHints":{"allow":["GET"]}}],"collection":[{"href":"https:\/\/clinicaveterinariahuellas.es\/en\/wp-json\/wp\/v2\/pages"}],"about":[{"href":"https:\/\/clinicaveterinariahuellas.es\/en\/wp-json\/wp\/v2\/types\/page"}],"author":[{"embeddable":true,"href":"https:\/\/clinicaveterinariahuellas.es\/en\/wp-json\/wp\/v2\/users\/1"}],"replies":[{"embeddable":true,"href":"https:\/\/clinicaveterinariahuellas.es\/en\/wp-json\/wp\/v2\/comments?post=129"}],"version-history":[{"count":8,"href":"https:\/\/clinicaveterinariahuellas.es\/en\/wp-json\/wp\/v2\/pages\/129\/revisions"}],"predecessor-version":[{"id":261,"href":"https:\/\/clinicaveterinariahuellas.es\/en\/wp-json\/wp\/v2\/pages\/129\/revisions\/261"}],"wp:attachment":[{"href":"https:\/\/clinicaveterinariahuellas.es\/en\/wp-json\/wp\/v2\/media?parent=129"}],"curies":[{"name":"wp","href":"https:\/\/api.w.org\/{rel}","templated":true}]}}