{"id":312,"date":"2023-11-05T16:21:41","date_gmt":"2023-11-05T16:21:41","guid":{"rendered":"https:\/\/clinicaveterinariahuellas.es\/?page_id=312"},"modified":"2023-11-05T16:30:25","modified_gmt":"2023-11-05T16:30:25","slug":"accesibilidad","status":"publish","type":"page","link":"https:\/\/clinicaveterinariahuellas.es\/en\/accesibilidad\/","title":{"rendered":"accesibilidad"},"content":{"rendered":"<p>[et_pb_section fb_built=\u00bb1&#8243; _builder_version=\u00bb4.16&#8243; _module_preset=\u00bbdefault\u00bb global_colors_info=\u00bb{}\u00bb theme_builder_area=\u00bbpost_content\u00bb][et_pb_row _builder_version=\u00bb4.16&#8243; _module_preset=\u00bbdefault\u00bb global_colors_info=\u00bb{}\u00bb theme_builder_area=\u00bbpost_content\u00bb][et_pb_column type=\u00bb4_4&#8243; _builder_version=\u00bb4.16&#8243; _module_preset=\u00bbdefault\u00bb global_colors_info=\u00bb{}\u00bb theme_builder_area=\u00bbpost_content\u00bb][et_pb_text _builder_version=\u00bb4.22.1&#8243; _module_preset=\u00bbdefault\u00bb hover_enabled=\u00bb0&#8243; global_colors_info=\u00bb{}\u00bb theme_builder_area=\u00bbpost_content\u00bb sticky_enabled=\u00bb0&#8243;]<\/p>\n<p><strong>DECLARACI\u00d3N DE ACCESIBILIDAD<\/strong><\/p>\n<p><span>BEATRIZ LOPEZ JIMENEZ<\/span> S.L como beneficiario de KIT DIGITAL\u00a0 se ha comprometido a hacer accesible su sitio web de conformidad con el Real Decreto 1112\/2018, de 7 de septiembre , sobre accesibilidad de los sitios web y aplicaciones para dispositivos m\u00f3viles del sector p\u00fablico (en adelante, Real Decreto 1112\/2018, de 7 de septiembre).<\/p>\n<p>La presente declaraci\u00f3n de accesibilidad se aplica al sitio web <a href=\"https:\/\/clinicaveterinariahuellas.es\/en\/\">https:\/\/www.clinicaveterinariahuellas.es\/<\/a><\/p>\n<p><strong>Situaci\u00f3n de cumplimiento<\/strong><\/p>\n<p>Este sitio web es <strong>plenamente conforme<\/strong> con el Real Decreto 1112\/2018, de 7 de septiembre<\/p>\n<p><strong>Preparaci\u00f3n de la presente declaraci\u00f3n de accesibilidad<\/strong><\/p>\n<p>La presente declaraci\u00f3n fue preparada el 25 de mayo de 2023.<\/p>\n<p>El m\u00e9todo empleado para preparar la declaraci\u00f3n ha sido una autoevaluaci\u00f3n llevada a cabo por la empresa de desarrollo web.<\/p>\n<p><strong>Observaciones y datos de contacto<\/strong><\/p>\n<p>Puede realizar comunicaciones sobre requisitos de accesibilidad (art\u00edculo 10.2.a) del Real Decreto 1112\/2018, de 7 de septiembre) como, por ejemplo:<\/p>\n<p>\u2981 Informar sobre cualquier posible incumplimiento por parte de este sitio web.\u2981 Transmitir otras dificultades de acceso al contenido.<\/p>\n<p>\u2981 Formular cualquier otra consulta o sugerencia de mejora relativa a la accesibilidad del sitio web.<\/p>\n<p>A trav\u00e9s de las siguientes v\u00edas:<\/p>\n<p>\u2981 Correo electr\u00f3nico: \u2981 <a target=\"_blank\" class=\"c-link\" data-stringify-link=\"mailto:blopezzz@hotmail.com\" delay=\"150\" data-sk=\"tooltip_parent\" aria-haspopup=\"menu\" href=\"mailto:blopezzz@hotmail.com\" rel=\"noopener noreferrer\">blopezzz@hotmail.com<\/a><\/p>\n<p>Tambi\u00e9n puede solicitar en formato accesible informaci\u00f3n que no cumpla con los requisitos de accesibilidad bien por estar excluida, bien por estar exenta por carga desproporcionada; o formular una queja por incumplimiento de los requisitos de accesibilidad.<\/p>\n<p><strong>\u00a0Contenido opcional<\/strong><\/p>\n<p>La versi\u00f3n actualmente visible de este sitio web es de mayo de 2023<\/p>\n<p>El sitio web est\u00e1 optimizado para los navegadores Microsoft Internet Explorer 8.0 o versiones superiores y las \u00faltimas versiones vigentes de FireFox, Safari, Opera y Google Chrome. La resoluci\u00f3n web m\u00ednima recomendada es de 1280\u00d71024.<\/p>\n<p>El sitio web est\u00e1 dise\u00f1ado para su visualizaci\u00f3n Responsive, con lo que se visualiza de forma \u00f3ptima en los dispositivos tablet y m\u00f3viles. En estos dispositivos est\u00e1 optimizado para su visualizaci\u00f3n en las \u00faltimas versiones vigentes de Chrome for mobile, Firefox for mobile, Safari mobile, Opera Mini y navegador nativo de Android.<\/p>\n<p>[\/et_pb_text][\/et_pb_column][\/et_pb_row][\/et_pb_section]<\/p>","protected":false},"excerpt":{"rendered":"<p>DECLARACI\u00d3N DE ACCESIBILIDAD BEATRIZ LOPEZ JIMENEZ S.L como beneficiario de KIT DIGITAL\u00a0 se ha comprometido a hacer accesible su sitio web de conformidad con el Real Decreto 1112\/2018, de 7 de septiembre , sobre accesibilidad de los sitios web y aplicaciones para dispositivos m\u00f3viles del sector p\u00fablico (en adelante, Real Decreto 1112\/2018, de 7 de [&hellip;]<\/p>","protected":false},"author":1,"featured_media":0,"parent":0,"menu_order":0,"comment_status":"closed","ping_status":"closed","template":"","meta":{"_et_pb_use_builder":"on","_et_pb_old_content":"","_et_gb_content_width":"","footnotes":""},"class_list":["post-312","page","type-page","status-publish","hentry"],"yoast_head":"<!-- This site is optimized with the Yoast SEO plugin v26.8 - https:\/\/yoast.com\/product\/yoast-seo-wordpress\/ -->\n<title>accesibilidad - Cl&iacute;nica Veterinaria huellas<\/title>\n<meta name=\"robots\" content=\"index, follow, max-snippet:-1, max-image-preview:large, max-video-preview:-1\" \/>\n<link rel=\"canonical\" href=\"https:\/\/clinicaveterinariahuellas.es\/en\/accesibilidad\/\" \/>\n<meta property=\"og:locale\" content=\"en_GB\" \/>\n<meta property=\"og:type\" content=\"article\" \/>\n<meta property=\"og:title\" content=\"accesibilidad - Cl&iacute;nica Veterinaria huellas\" \/>\n<meta property=\"og:description\" content=\"DECLARACI\u00d3N DE ACCESIBILIDAD BEATRIZ LOPEZ JIMENEZ S.L como beneficiario de KIT DIGITAL\u00a0 se ha comprometido a hacer accesible su sitio web de conformidad con el Real Decreto 1112\/2018, de 7 de septiembre , sobre accesibilidad de los sitios web y aplicaciones para dispositivos m\u00f3viles del sector p\u00fablico (en adelante, Real Decreto 1112\/2018, de 7 de [&hellip;]\" \/>\n<meta property=\"og:url\" content=\"https:\/\/clinicaveterinariahuellas.es\/en\/accesibilidad\/\" \/>\n<meta property=\"og:site_name\" content=\"Cl&iacute;nica Veterinaria huellas\" \/>\n<meta property=\"article:publisher\" content=\"https:\/\/www.facebook.com\/HUELLAScv\" \/>\n<meta property=\"article:modified_time\" content=\"2023-11-05T16:30:25+00:00\" \/>\n<meta name=\"twitter:card\" content=\"summary_large_image\" \/>\n<script type=\"application\/ld+json\" class=\"yoast-schema-graph\">{\"@context\":\"https:\/\/schema.org\",\"@graph\":[{\"@type\":\"WebPage\",\"@id\":\"https:\/\/clinicaveterinariahuellas.es\/accesibilidad\/\",\"url\":\"https:\/\/clinicaveterinariahuellas.es\/accesibilidad\/\",\"name\":\"accesibilidad - Cl&iacute;nica Veterinaria huellas\",\"isPartOf\":{\"@id\":\"https:\/\/clinicaveterinariahuellas.es\/#website\"},\"datePublished\":\"2023-11-05T16:21:41+00:00\",\"dateModified\":\"2023-11-05T16:30:25+00:00\",\"breadcrumb\":{\"@id\":\"https:\/\/clinicaveterinariahuellas.es\/accesibilidad\/#breadcrumb\"},\"inLanguage\":\"en-GB\",\"potentialAction\":[{\"@type\":\"ReadAction\",\"target\":[\"https:\/\/clinicaveterinariahuellas.es\/accesibilidad\/\"]}]},{\"@type\":\"BreadcrumbList\",\"@id\":\"https:\/\/clinicaveterinariahuellas.es\/accesibilidad\/#breadcrumb\",\"itemListElement\":[{\"@type\":\"ListItem\",\"position\":1,\"name\":\"Portada\",\"item\":\"https:\/\/clinicaveterinariahuellas.es\/\"},{\"@type\":\"ListItem\",\"position\":2,\"name\":\"accesibilidad\"}]},{\"@type\":\"WebSite\",\"@id\":\"https:\/\/clinicaveterinariahuellas.es\/#website\",\"url\":\"https:\/\/clinicaveterinariahuellas.es\/\",\"name\":\"Cl\u00ednica Veterinaria Huellas\",\"description\":\"Mascotas felices, due&ntilde;os satisfechos\",\"publisher\":{\"@id\":\"https:\/\/clinicaveterinariahuellas.es\/#organization\"},\"alternateName\":\"Cl\u00ednica Veterinaria\",\"potentialAction\":[{\"@type\":\"SearchAction\",\"target\":{\"@type\":\"EntryPoint\",\"urlTemplate\":\"https:\/\/clinicaveterinariahuellas.es\/?s={search_term_string}\"},\"query-input\":{\"@type\":\"PropertyValueSpecification\",\"valueRequired\":true,\"valueName\":\"search_term_string\"}}],\"inLanguage\":\"en-GB\"},{\"@type\":\"Organization\",\"@id\":\"https:\/\/clinicaveterinariahuellas.es\/#organization\",\"name\":\"Cl\u00ednica Veterinaria Huellas\",\"url\":\"https:\/\/clinicaveterinariahuellas.es\/\",\"logo\":{\"@type\":\"ImageObject\",\"inLanguage\":\"en-GB\",\"@id\":\"https:\/\/clinicaveterinariahuellas.es\/#\/schema\/logo\/image\/\",\"url\":\"https:\/\/clinicaveterinariahuellas.es\/wp-content\/uploads\/2023\/10\/cropped-imagen_2023-10-31_095054056.png\",\"contentUrl\":\"https:\/\/clinicaveterinariahuellas.es\/wp-content\/uploads\/2023\/10\/cropped-imagen_2023-10-31_095054056.png\",\"width\":512,\"height\":512,\"caption\":\"Cl\u00ednica Veterinaria Huellas\"},\"image\":{\"@id\":\"https:\/\/clinicaveterinariahuellas.es\/#\/schema\/logo\/image\/\"},\"sameAs\":[\"https:\/\/www.facebook.com\/HUELLAScv\",\"https:\/\/www.instagram.com\/huellascv\/\"]}]}<\/script>\n<!-- \/ Yoast SEO plugin. -->","yoast_head_json":{"title":"accesibilidad - Cl&iacute;nica Veterinaria huellas","robots":{"index":"index","follow":"follow","max-snippet":"max-snippet:-1","max-image-preview":"max-image-preview:large","max-video-preview":"max-video-preview:-1"},"canonical":"https:\/\/clinicaveterinariahuellas.es\/en\/accesibilidad\/","og_locale":"en_GB","og_type":"article","og_title":"accesibilidad - Cl&iacute;nica Veterinaria huellas","og_description":"DECLARACI\u00d3N DE ACCESIBILIDAD BEATRIZ LOPEZ JIMENEZ S.L como beneficiario de KIT DIGITAL\u00a0 se ha comprometido a hacer accesible su sitio web de conformidad con el Real Decreto 1112\/2018, de 7 de septiembre , sobre accesibilidad de los sitios web y aplicaciones para dispositivos m\u00f3viles del sector p\u00fablico (en adelante, Real Decreto 1112\/2018, de 7 de [&hellip;]","og_url":"https:\/\/clinicaveterinariahuellas.es\/en\/accesibilidad\/","og_site_name":"Cl&iacute;nica Veterinaria huellas","article_publisher":"https:\/\/www.facebook.com\/HUELLAScv","article_modified_time":"2023-11-05T16:30:25+00:00","twitter_card":"summary_large_image","schema":{"@context":"https:\/\/schema.org","@graph":[{"@type":"WebPage","@id":"https:\/\/clinicaveterinariahuellas.es\/accesibilidad\/","url":"https:\/\/clinicaveterinariahuellas.es\/accesibilidad\/","name":"accesibilidad - Cl&iacute;nica Veterinaria huellas","isPartOf":{"@id":"https:\/\/clinicaveterinariahuellas.es\/#website"},"datePublished":"2023-11-05T16:21:41+00:00","dateModified":"2023-11-05T16:30:25+00:00","breadcrumb":{"@id":"https:\/\/clinicaveterinariahuellas.es\/accesibilidad\/#breadcrumb"},"inLanguage":"en-GB","potentialAction":[{"@type":"ReadAction","target":["https:\/\/clinicaveterinariahuellas.es\/accesibilidad\/"]}]},{"@type":"BreadcrumbList","@id":"https:\/\/clinicaveterinariahuellas.es\/accesibilidad\/#breadcrumb","itemListElement":[{"@type":"ListItem","position":1,"name":"Portada","item":"https:\/\/clinicaveterinariahuellas.es\/"},{"@type":"ListItem","position":2,"name":"accesibilidad"}]},{"@type":"WebSite","@id":"https:\/\/clinicaveterinariahuellas.es\/#website","url":"https:\/\/clinicaveterinariahuellas.es\/","name":"Cl\u00ednica Veterinaria Huellas","description":"Mascotas felices, due&ntilde;os satisfechos","publisher":{"@id":"https:\/\/clinicaveterinariahuellas.es\/#organization"},"alternateName":"Cl\u00ednica Veterinaria","potentialAction":[{"@type":"SearchAction","target":{"@type":"EntryPoint","urlTemplate":"https:\/\/clinicaveterinariahuellas.es\/?s={search_term_string}"},"query-input":{"@type":"PropertyValueSpecification","valueRequired":true,"valueName":"search_term_string"}}],"inLanguage":"en-GB"},{"@type":"Organization","@id":"https:\/\/clinicaveterinariahuellas.es\/#organization","name":"Cl\u00ednica Veterinaria Huellas","url":"https:\/\/clinicaveterinariahuellas.es\/","logo":{"@type":"ImageObject","inLanguage":"en-GB","@id":"https:\/\/clinicaveterinariahuellas.es\/#\/schema\/logo\/image\/","url":"https:\/\/clinicaveterinariahuellas.es\/wp-content\/uploads\/2023\/10\/cropped-imagen_2023-10-31_095054056.png","contentUrl":"https:\/\/clinicaveterinariahuellas.es\/wp-content\/uploads\/2023\/10\/cropped-imagen_2023-10-31_095054056.png","width":512,"height":512,"caption":"Cl\u00ednica Veterinaria Huellas"},"image":{"@id":"https:\/\/clinicaveterinariahuellas.es\/#\/schema\/logo\/image\/"},"sameAs":["https:\/\/www.facebook.com\/HUELLAScv","https:\/\/www.instagram.com\/huellascv\/"]}]}},"_links":{"self":[{"href":"https:\/\/clinicaveterinariahuellas.es\/en\/wp-json\/wp\/v2\/pages\/312","targetHints":{"allow":["GET"]}}],"collection":[{"href":"https:\/\/clinicaveterinariahuellas.es\/en\/wp-json\/wp\/v2\/pages"}],"about":[{"href":"https:\/\/clinicaveterinariahuellas.es\/en\/wp-json\/wp\/v2\/types\/page"}],"author":[{"embeddable":true,"href":"https:\/\/clinicaveterinariahuellas.es\/en\/wp-json\/wp\/v2\/users\/1"}],"replies":[{"embeddable":true,"href":"https:\/\/clinicaveterinariahuellas.es\/en\/wp-json\/wp\/v2\/comments?post=312"}],"version-history":[{"count":5,"href":"https:\/\/clinicaveterinariahuellas.es\/en\/wp-json\/wp\/v2\/pages\/312\/revisions"}],"predecessor-version":[{"id":324,"href":"https:\/\/clinicaveterinariahuellas.es\/en\/wp-json\/wp\/v2\/pages\/312\/revisions\/324"}],"wp:attachment":[{"href":"https:\/\/clinicaveterinariahuellas.es\/en\/wp-json\/wp\/v2\/media?parent=312"}],"curies":[{"name":"wp","href":"https:\/\/api.w.org\/{rel}","templated":true}]}}